{"id":2151,"date":"2025-04-30T23:32:23","date_gmt":"2025-04-30T20:32:23","guid":{"rendered":"https:\/\/misstachio.com\/minust\/"},"modified":"2025-05-31T16:14:34","modified_gmt":"2025-05-31T13:14:34","slug":"minust","status":"publish","type":"page","link":"https:\/\/misstachio.com\/et\/minust\/","title":{"rendered":"Minust"},"content":{"rendered":"\t\t<div data-elementor-type=\"wp-page\" data-elementor-id=\"2151\" class=\"elementor elementor-2151 elementor-14\" data-elementor-post-type=\"page\">\n\t\t\t\t<div class=\"elementor-element elementor-element-4094ee7 e-flex e-con-boxed e-con e-parent\" data-id=\"4094ee7\" data-element_type=\"container\" data-e-type=\"container\" data-settings=\"{&quot;background_background&quot;:&quot;classic&quot;}\">\n\t\t\t\t\t<div class=\"e-con-inner\">\n\t\t<div class=\"elementor-element elementor-element-8695738 e-con-full e-flex e-con e-child\" data-id=\"8695738\" data-element_type=\"container\" data-e-type=\"container\">\n\t\t\t\t<div class=\"elementor-element elementor-element-2646c9c elementor-widget elementor-widget-heading\" data-id=\"2646c9c\" data-element_type=\"widget\" data-e-type=\"widget\" data-widget_type=\"heading.default\">\n\t\t\t\t<div class=\"elementor-widget-container\">\n\t\t\t\t\t<h1 class=\"elementor-heading-title elementor-size-default\">Saame tuttavaks<\/h1>\t\t\t\t<\/div>\n\t\t\t\t<\/div>\n\t\t\t\t<\/div>\n\t\t\t\t\t<\/div>\n\t\t\t\t<\/div>\n\t\t<div class=\"elementor-element elementor-element-e90f62c e-flex e-con-boxed e-con e-parent\" data-id=\"e90f62c\" data-element_type=\"container\" data-e-type=\"container\">\n\t\t\t\t\t<div class=\"e-con-inner\">\n\t\t<div class=\"elementor-element elementor-element-b29abee e-con-full e-flex e-con e-child\" data-id=\"b29abee\" data-element_type=\"container\" data-e-type=\"container\">\n\t\t\t\t<div class=\"elementor-element elementor-element-f095111 elementor-widget elementor-widget-heading\" data-id=\"f095111\" data-element_type=\"widget\" data-e-type=\"widget\" data-widget_type=\"heading.default\">\n\t\t\t\t<div class=\"elementor-widget-container\">\n\t\t\t\t\t<h2 class=\"elementor-heading-title elementor-size-default\">Saame tuttavaks<\/h2>\t\t\t\t<\/div>\n\t\t\t\t<\/div>\n\t\t\t\t<div class=\"elementor-element elementor-element-5990b83 elementor-widget elementor-widget-text-editor\" data-id=\"5990b83\" data-element_type=\"widget\" data-e-type=\"widget\" data-widget_type=\"text-editor.default\">\n\t\t\t\t<div class=\"elementor-widget-container\">\n\t\t\t\t\t\t\t\t\t<p><span style=\"font-weight: 400;\">Hei! Mina olen Misstachio, naine oma varastes 30-ndates! Nagu sa arvasid, siis Misstachio (mis tuleb muide minu suurest armastusest pistaatsiap\u00e4hklite vastu) pole loomulikult mu p\u00e4risnimi, aga kasutan seda siin blogis anon\u00fc\u00fcmsuse huvides.<br><br>  <\/span><\/p><p> <\/p><p><span style=\"font-weight: 400;\">Toit on alati minu elus suurt rolli m\u00e4nginud. Olen sellele m\u00f5tlemisele kulutanud naeruv\u00e4\u00e4rselt palju aega. Aga mitte ainult m\u00f5tlemisele. Olen ka v\u00e4ga palju aega kulutanud s\u00f6\u00f6misele, kokkamisele ning retseptide sirvimisele.  <\/span><\/p><p> <\/p><p><span style=\"font-weight: 400;\">Selle k\u00f5ige tulemusena olen maadelnud praktiliselt kogu oma elu ebatervisliku \u00fclekaaluga. Olen proovinud ilmselt pea k\u00f5iki toitumiskavasid ja dieete. \u00dcritanud kilosid kaotada trennisaalis, kuid nagu sa arvasid, olen v\u00f5itluses kilodega a-la-ti kaotajaks j\u00e4\u00e4nud.<br><br><br>       <\/span><\/p><p> <\/p><p><span style=\"font-weight: 400;\">Nii j\u00f5udsingi \u00fchel hetkel punkti, kus tundsin, et niimoodi enam edasi minna ei saa, ning midagi peab muutuma. V\u00f5tsin vastu otsuse minna maov\u00e4hendusoperatsioonile.<br><br><\/span><\/p><p> <\/p><p><span style=\"font-weight: 400;\">See blogi ongi koht, kus jagan oma teekonda: t\u00f5use, m\u00f5\u00f5nasid, aga ka neid hetki, millest keegi ehk eriti r\u00e4\u00e4kida ei taha. Ma tean, mis tunne on v\u00f5idelda \u00fclekaaluga. Ma tean seda halba tunnet, kui m\u00f5ni juhuslik m\u00f6\u00f6duja teeb n\u00f5meda kommentaari ja olgem ausad, neid kommentaare on tulnud ka l\u00e4hedaste inimeste poolt. Ma tean seda tunnet, kui astud sisse riidepoodi ning tead juba eos, et \u00fckski riideese pole sulle paras. V\u00f5i kui reisid n\u00e4iteks bussi v\u00f5i lennukiga ning m\u00f5tled, kas sa v\u00f5tad liiga palju ruumi. Oeh, need tunded on kurvad ja kurvastavad, kuid tea, et sa pole \u00fcksi.<br><br>    <\/span><\/p><p> <\/p><p><span style=\"font-weight: 400;\">Kui ma parasjagu ei blogi v\u00f5i toidule ei m\u00f5tle (sest j\u00e4\u00e4gem ausaks, seda juhtub siiani p\u00e4ris palju), siis veedan aega oma elukaaslase v\u00f5i koeraga. Mind v\u00f5ib leida nii metsarajalt, kohvikust kui ka lihtsalt pere ja s\u00f5pradega t\u0161illimas.<br><br> <\/span><\/p><p> <\/p><p><span style=\"font-weight: 400;\">Seega tee endale \u00fcks m\u00f5nus tassit\u00e4is kohvi v\u00f5i teed ning tunne end nagu kodus. Oled alati oodatud kommentaarides kaasa r\u00e4\u00e4kima, kuid palun j\u00e4\u00e4 viisakaks!<br><br><br><br>  <\/span><\/p><p> <\/p><p><span style=\"font-weight: 400;\">P.S. V\u00e4ike meeldetuletus: ma ei ole arst, toitumisspetsialist ega treener. K\u00f5ik, mida siin jagan, on lihtsalt minu isiklik kogemus. Kui v\u00f5tad vastu tervisega seotud otsuseid, palun konsulteeri vastava spetsialistiga.  <\/span><\/p>\t\t\t\t\t\t\t\t<\/div>\n\t\t\t\t<\/div>\n\t\t\t\t<\/div>\n\t\t\t\t\t<\/div>\n\t\t\t\t<\/div>\n\t\t\t\t<\/div>\n\t\t","protected":false},"excerpt":{"rendered":"<p>Saame tuttavaks Saame tuttavaks Hei! Mina olen Misstachio, naine oma varastes 30-ndates! Nagu sa arvasid, siis Misstachio (mis tuleb muide minu suurest armastusest pistaatsiap\u00e4hklite vastu) pole loomulikult mu p\u00e4risnimi, aga kasutan seda siin blogis anon\u00fc\u00fcmsuse huvides. Toit on alati minu elus suurt rolli m\u00e4nginud. Olen sellele m\u00f5tlemisele kulutanud naeruv\u00e4\u00e4rselt palju aega. Aga mitte ainult m\u00f5tlemisele. [&hellip;]<\/p>\n","protected":false},"author":73831752,"featured_media":0,"parent":0,"menu_order":0,"comment_status":"closed","ping_status":"closed","template":"","meta":{"_acf_changed":false,"site-sidebar-layout":"no-sidebar","site-content-layout":"page-builder","ast-site-content-layout":"default","site-content-style":"default","site-sidebar-style":"default","ast-global-header-display":"","ast-banner-title-visibility":"","ast-main-header-display":"","ast-hfb-above-header-display":"","ast-hfb-below-header-display":"","ast-hfb-mobile-header-display":"","site-post-title":"disabled","ast-breadcrumbs-content":"","ast-featured-img":"disabled","footer-sml-layout":"","theme-transparent-header-meta":"enabled","adv-header-id-meta":"","stick-header-meta":"","header-above-stick-meta":"","header-main-stick-meta":"","header-below-stick-meta":"","astra-migrate-meta-layouts":"default","ast-page-background-enabled":"default","ast-page-background-meta":{"desktop":{"background-color":"var(--ast-global-color-4)","background-image":"","background-repeat":"repeat","background-position":"center center","background-size":"auto","background-attachment":"scroll","background-type":"","background-media":"","overlay-type":"","overlay-color":"","overlay-opacity":"","overlay-gradient":""},"tablet":{"background-color":"","background-image":"","background-repeat":"repeat","background-position":"center center","background-size":"auto","background-attachment":"scroll","background-type":"","background-media":"","overlay-type":"","overlay-color":"","overlay-opacity":"","overlay-gradient":""},"mobile":{"background-color":"","background-image":"","background-repeat":"repeat","background-position":"center center","background-size":"auto","background-attachment":"scroll","background-type":"","background-media":"","overlay-type":"","overlay-color":"","overlay-opacity":"","overlay-gradient":""}},"ast-content-background-meta":{"desktop":{"background-color":"var(--ast-global-color-5)","background-image":"","background-repeat":"repeat","background-position":"center center","background-size":"auto","background-attachment":"scroll","background-type":"","background-media":"","overlay-type":"","overlay-color":"","overlay-opacity":"","overlay-gradient":""},"tablet":{"background-color":"var(--ast-global-color-5)","background-image":"","background-repeat":"repeat","background-position":"center center","background-size":"auto","background-attachment":"scroll","background-type":"","background-media":"","overlay-type":"","overlay-color":"","overlay-opacity":"","overlay-gradient":""},"mobile":{"background-color":"var(--ast-global-color-5)","background-image":"","background-repeat":"repeat","background-position":"center center","background-size":"auto","background-attachment":"scroll","background-type":"","background-media":"","overlay-type":"","overlay-color":"","overlay-opacity":"","overlay-gradient":""}},"footnotes":""},"class_list":["post-2151","page","type-page","status-publish","hentry"],"acf":[],"jetpack_likes_enabled":true,"jetpack_sharing_enabled":true,"jetpack_shortlink":"https:\/\/wp.me\/PfyuVn-yH","_links":{"self":[{"href":"https:\/\/misstachio.com\/et\/wp-json\/wp\/v2\/pages\/2151","targetHints":{"allow":["GET"]}}],"collection":[{"href":"https:\/\/misstachio.com\/et\/wp-json\/wp\/v2\/pages"}],"about":[{"href":"https:\/\/misstachio.com\/et\/wp-json\/wp\/v2\/types\/page"}],"author":[{"embeddable":true,"href":"https:\/\/misstachio.com\/et\/wp-json\/wp\/v2\/users\/73831752"}],"replies":[{"embeddable":true,"href":"https:\/\/misstachio.com\/et\/wp-json\/wp\/v2\/comments?post=2151"}],"version-history":[{"count":7,"href":"https:\/\/misstachio.com\/et\/wp-json\/wp\/v2\/pages\/2151\/revisions"}],"predecessor-version":[{"id":2165,"href":"https:\/\/misstachio.com\/et\/wp-json\/wp\/v2\/pages\/2151\/revisions\/2165"}],"wp:attachment":[{"href":"https:\/\/misstachio.com\/et\/wp-json\/wp\/v2\/media?parent=2151"}],"curies":[{"name":"wp","href":"https:\/\/api.w.org\/{rel}","templated":true}]}}